{"id":15,"date":"2015-01-20T09:44:07","date_gmt":"2015-01-20T09:44:07","guid":{"rendered":"https:\/\/baltazar.se\/?page_id=15"},"modified":"2020-02-03T13:17:03","modified_gmt":"2020-02-03T13:17:03","slug":"kontakt","status":"publish","type":"page","link":"https:\/\/baltazar.se\/?page_id=15","title":{"rendered":"Kontakt"},"content":{"rendered":"<p>V\u00e4nd Dig med f\u00f6rtroende till oss f\u00f6r att se hur vi kan hj\u00e4lpa dig med din n\u00e4sta aff\u00e4r.<\/p>\n","protected":false},"excerpt":{"rendered":"<p>V\u00e4nd Dig med f\u00f6rtroende till oss f\u00f6r att se hur vi kan hj\u00e4lpa dig med din n\u00e4sta aff\u00e4r.<\/p>\n","protected":false},"author":1,"featured_media":0,"parent":0,"menu_order":0,"comment_status":"closed","ping_status":"closed","template":"","meta":{"_exactmetrics_skip_tracking":false,"_exactmetrics_sitenote_active":false,"_exactmetrics_sitenote_note":"","_exactmetrics_sitenote_category":0,"footnotes":""},"class_list":["post-15","page","type-page","status-publish","hentry"],"_links":{"self":[{"href":"https:\/\/baltazar.se\/index.php?rest_route=\/wp\/v2\/pages\/15","targetHints":{"allow":["GET"]}}],"collection":[{"href":"https:\/\/baltazar.se\/index.php?rest_route=\/wp\/v2\/pages"}],"about":[{"href":"https:\/\/baltazar.se\/index.php?rest_route=\/wp\/v2\/types\/page"}],"author":[{"embeddable":true,"href":"https:\/\/baltazar.se\/index.php?rest_route=\/wp\/v2\/users\/1"}],"replies":[{"embeddable":true,"href":"https:\/\/baltazar.se\/index.php?rest_route=%2Fwp%2Fv2%2Fcomments&post=15"}],"version-history":[{"count":9,"href":"https:\/\/baltazar.se\/index.php?rest_route=\/wp\/v2\/pages\/15\/revisions"}],"predecessor-version":[{"id":808,"href":"https:\/\/baltazar.se\/index.php?rest_route=\/wp\/v2\/pages\/15\/revisions\/808"}],"wp:attachment":[{"href":"https:\/\/baltazar.se\/index.php?rest_route=%2Fwp%2Fv2%2Fmedia&parent=15"}],"curies":[{"name":"wp","href":"https:\/\/api.w.org\/{rel}","templated":true}]}}