{"id":167,"date":"2015-01-29T15:06:51","date_gmt":"2015-01-29T15:06:51","guid":{"rendered":"https:\/\/baltazar.se\/?page_id=167"},"modified":"2015-02-19T09:51:57","modified_gmt":"2015-02-19T09:51:57","slug":"utveckling","status":"publish","type":"page","link":"https:\/\/baltazar.se\/?page_id=167","title":{"rendered":"Utveckling"},"content":{"rendered":"<p>Vi ger beslutsunderlag till fastighets\u00e4gare, utvecklare och investerare genom analyser av utvalda marknader och fastigheter. Dom uppdrag vi \u00e5tagit oss genom \u00e5ren har i slut\u00e4ndan resulterat i attraktiva fastigheter och lokaler.<\/p>\n<p>V\u00e5r erfarenhet och kunskap kommer till st\u00f6rst nytta tidigt i projektet. Det kan g\u00e4lla allt fr\u00e5n sm\u00e5 till stora detaljer i fastigheten. Vi ser att fastighetens och den omkringliggande milj\u00f6ns \u201dUnique Selling Points\u201d kompletterar varandra p\u00e5 r\u00e4tt s\u00e4tt s\u00e5 att marknaden kommer finna produkten attraktivt och d\u00e4rmed v\u00e4rdefull. <\/p>\n<p>N\u00e5gra projekt vi varit involverade i p\u00e5 ett tidigt stadium \u00e4r: <\/p>\n<p>Eldaren &#8211; Nyproduktionen i Uppsala som nyligen hyrdes ut ritades\/skapades\/marknadsf\u00f6rdes\/hyrdes ut av en grupp med bolag som alla samarbetade.  Baltazar var en part i denna grupp. <\/p>\n<p>Ulriksdal &#8211; Utvecklingen av den kommersiella delen av Ulriksdal var vi med om p\u00e5 ett tidigt stadium. <\/p>\n<p>Waterfront Building &#8211; H\u00e4r kom vi in i projektet l\u00e5ngt innan den gamla fastigheten var riven.<\/p>\n<p>Vattenfall i R\u00e5cksta &#8211; Utvecklingen av omr\u00e5det och dom stora fastigheter som Vattenfall l\u00e4mnade efter sig arbetade vi med. <\/p>\n<p>&nbsp;<\/p>\n","protected":false},"excerpt":{"rendered":"<p>Vi ger beslutsunderlag till fastighets\u00e4gare, utvecklare och investerare genom analyser av utvalda marknader och fastigheter. Dom uppdrag vi \u00e5tagit oss genom \u00e5ren har i slut\u00e4ndan resulterat i attraktiva fastigheter och lokaler. V\u00e5r erfarenhet och kunskap kommer till st\u00f6rst nytta tidigt i projektet. Det kan g\u00e4lla allt fr\u00e5n sm\u00e5 till stora detaljer i fastigheten. Vi ser [&hellip;]<\/p>\n","protected":false},"author":1,"featured_media":0,"parent":0,"menu_order":0,"comment_status":"closed","ping_status":"closed","template":"template-gallery.php","meta":{"_exactmetrics_skip_tracking":false,"_exactmetrics_sitenote_active":false,"_exactmetrics_sitenote_note":"","_exactmetrics_sitenote_category":0,"footnotes":""},"class_list":["post-167","page","type-page","status-publish","hentry"],"_links":{"self":[{"href":"https:\/\/baltazar.se\/index.php?rest_route=\/wp\/v2\/pages\/167","targetHints":{"allow":["GET"]}}],"collection":[{"href":"https:\/\/baltazar.se\/index.php?rest_route=\/wp\/v2\/pages"}],"about":[{"href":"https:\/\/baltazar.se\/index.php?rest_route=\/wp\/v2\/types\/page"}],"author":[{"embeddable":true,"href":"https:\/\/baltazar.se\/index.php?rest_route=\/wp\/v2\/users\/1"}],"replies":[{"embeddable":true,"href":"https:\/\/baltazar.se\/index.php?rest_route=%2Fwp%2Fv2%2Fcomments&post=167"}],"version-history":[{"count":7,"href":"https:\/\/baltazar.se\/index.php?rest_route=\/wp\/v2\/pages\/167\/revisions"}],"predecessor-version":[{"id":389,"href":"https:\/\/baltazar.se\/index.php?rest_route=\/wp\/v2\/pages\/167\/revisions\/389"}],"wp:attachment":[{"href":"https:\/\/baltazar.se\/index.php?rest_route=%2Fwp%2Fv2%2Fmedia&parent=167"}],"curies":[{"name":"wp","href":"https:\/\/api.w.org\/{rel}","templated":true}]}}