{"id":169,"date":"2015-01-29T15:07:57","date_gmt":"2015-01-29T15:07:57","guid":{"rendered":"https:\/\/baltazar.se\/?page_id=169"},"modified":"2015-02-09T08:21:36","modified_gmt":"2015-02-09T08:21:36","slug":"fastighetsagare","status":"publish","type":"page","link":"https:\/\/baltazar.se\/?page_id=169","title":{"rendered":"Fastighets\u00e4gare"},"content":{"rendered":"<p>Baltazar hyr ut fastighets\u00e4gares nuvarande eller kommande vakanser. Vi arbetar med vakanser b\u00e5de f\u00f6r kontor\/lager\/logistik och retail. Baltazar arbetar inte enbart i Stockholm utan har under \u00e5ren genomf\u00f6rt m\u00e5nga stora uthyrningar i andra st\u00e4der.<\/p>\n<p>Sista uthyrningen vi genomf\u00f6rde utanf\u00f6r Stockholm var i Uppsala. Uppdraget erh\u00f6ll vi av Jernhusen och avs\u00e5g en nyproduktion vid Centralstationen. Baltazar hyrde ut hela fastigheten till Uppsala l\u00e4ns Landsting.<\/p>\n<p>Baltazar arbetar enbart p\u00e5 uppdrag d\u00e4rf\u00f6r att Ni som fastighets\u00e4gare skall f\u00e5 kontroll och medbest\u00e4mmande \u00f6ver vad vi som anlitad konsult \u00e5tar oss f\u00f6r andra uppdrag. Det \u00e4r viktigt f\u00f6r dom flesta fastighets\u00e4gare att vi inte arbetar med alltf\u00f6r n\u00e4rliggande och konkurrerande fastigheter. <\/p>\n","protected":false},"excerpt":{"rendered":"<p>Baltazar hyr ut fastighets\u00e4gares nuvarande eller kommande vakanser. Vi arbetar med vakanser b\u00e5de f\u00f6r kontor\/lager\/logistik och retail. Baltazar arbetar inte enbart i Stockholm utan har under \u00e5ren genomf\u00f6rt m\u00e5nga stora uthyrningar i andra st\u00e4der. Sista uthyrningen vi genomf\u00f6rde utanf\u00f6r Stockholm var i Uppsala. Uppdraget erh\u00f6ll vi av Jernhusen och avs\u00e5g en nyproduktion vid Centralstationen. Baltazar [&hellip;]<\/p>\n","protected":false},"author":1,"featured_media":0,"parent":0,"menu_order":0,"comment_status":"closed","ping_status":"closed","template":"template-gallery.php","meta":{"_exactmetrics_skip_tracking":false,"_exactmetrics_sitenote_active":false,"_exactmetrics_sitenote_note":"","_exactmetrics_sitenote_category":0,"footnotes":""},"class_list":["post-169","page","type-page","status-publish","hentry"],"_links":{"self":[{"href":"https:\/\/baltazar.se\/index.php?rest_route=\/wp\/v2\/pages\/169","targetHints":{"allow":["GET"]}}],"collection":[{"href":"https:\/\/baltazar.se\/index.php?rest_route=\/wp\/v2\/pages"}],"about":[{"href":"https:\/\/baltazar.se\/index.php?rest_route=\/wp\/v2\/types\/page"}],"author":[{"embeddable":true,"href":"https:\/\/baltazar.se\/index.php?rest_route=\/wp\/v2\/users\/1"}],"replies":[{"embeddable":true,"href":"https:\/\/baltazar.se\/index.php?rest_route=%2Fwp%2Fv2%2Fcomments&post=169"}],"version-history":[{"count":4,"href":"https:\/\/baltazar.se\/index.php?rest_route=\/wp\/v2\/pages\/169\/revisions"}],"predecessor-version":[{"id":371,"href":"https:\/\/baltazar.se\/index.php?rest_route=\/wp\/v2\/pages\/169\/revisions\/371"}],"wp:attachment":[{"href":"https:\/\/baltazar.se\/index.php?rest_route=%2Fwp%2Fv2%2Fmedia&parent=169"}],"curies":[{"name":"wp","href":"https:\/\/api.w.org\/{rel}","templated":true}]}}