{"id":17,"date":"2015-01-20T09:52:25","date_gmt":"2015-01-20T09:52:25","guid":{"rendered":"https:\/\/baltazar.se\/?page_id=17"},"modified":"2021-08-25T16:10:41","modified_gmt":"2021-08-25T16:10:41","slug":"bolaget","status":"publish","type":"page","link":"https:\/\/baltazar.se\/?page_id=17","title":{"rendered":"Bolaget"},"content":{"rendered":"<p>Baltazar \u00e4r en oberoende och partner\u00e4gd fastighetsr\u00e5dgivare.<\/p>\n<p>Fastighets\u00e4gare och investerare anlitar oss f\u00f6r lokaluthyrning samt r\u00e5dgivning och analys vid utveckling av fastigheter.<\/p>\n<p>Vi erbjuder tj\u00e4nster inom strategisk s\u00e4lj och k\u00f6pr\u00e5dgivning vid alla typer av kommersiella och privata fastighetsaff\u00e4rer inom Sverige. Vi erbjuder \u00e4ven kvalificerad auktoriserad fastighetsv\u00e4rdering via samarbetspartner.<\/p>\n<p>Tillsammans har vi mer \u00e4n 50 \u00e5rs samlad erfarenhet i fastighetsbranschen och genom \u00e5ren f\u00e5tt f\u00f6rtroendet att arbeta med m\u00e5nga sp\u00e4nnande fastigheter i Sverige p\u00e5 ett eller annat s\u00e4tt.<\/p>\n<p>Varje dag i uppdrag l\u00e4r vi oss n\u00e5got nytt. Vi s\u00e4tter teamet framf\u00f6r individen och vi tror att den som v\u00e5gar vinner.<\/p>\n<p>H\u00f6r av dig med din fastighetsutmaning kanske kan vi eller n\u00e5gon i v\u00e5rt n\u00e4tverk hj\u00e4lpa till.<\/p>\n","protected":false},"excerpt":{"rendered":"<p>Baltazar \u00e4r en oberoende och partner\u00e4gd fastighetsr\u00e5dgivare. Fastighets\u00e4gare och investerare anlitar oss f\u00f6r lokaluthyrning samt r\u00e5dgivning och analys vid utveckling av fastigheter. Vi erbjuder tj\u00e4nster inom strategisk s\u00e4lj och k\u00f6pr\u00e5dgivning vid alla typer av kommersiella och privata fastighetsaff\u00e4rer inom Sverige. Vi erbjuder \u00e4ven kvalificerad auktoriserad fastighetsv\u00e4rdering via samarbetspartner. Tillsammans har vi mer \u00e4n 50 \u00e5rs [&hellip;]<\/p>\n","protected":false},"author":1,"featured_media":0,"parent":13,"menu_order":0,"comment_status":"closed","ping_status":"closed","template":"template-gallery.php","meta":{"_exactmetrics_skip_tracking":false,"_exactmetrics_sitenote_active":false,"_exactmetrics_sitenote_note":"","_exactmetrics_sitenote_category":0,"footnotes":""},"class_list":["post-17","page","type-page","status-publish","hentry"],"_links":{"self":[{"href":"https:\/\/baltazar.se\/index.php?rest_route=\/wp\/v2\/pages\/17","targetHints":{"allow":["GET"]}}],"collection":[{"href":"https:\/\/baltazar.se\/index.php?rest_route=\/wp\/v2\/pages"}],"about":[{"href":"https:\/\/baltazar.se\/index.php?rest_route=\/wp\/v2\/types\/page"}],"author":[{"embeddable":true,"href":"https:\/\/baltazar.se\/index.php?rest_route=\/wp\/v2\/users\/1"}],"replies":[{"embeddable":true,"href":"https:\/\/baltazar.se\/index.php?rest_route=%2Fwp%2Fv2%2Fcomments&post=17"}],"version-history":[{"count":14,"href":"https:\/\/baltazar.se\/index.php?rest_route=\/wp\/v2\/pages\/17\/revisions"}],"predecessor-version":[{"id":766,"href":"https:\/\/baltazar.se\/index.php?rest_route=\/wp\/v2\/pages\/17\/revisions\/766"}],"up":[{"embeddable":true,"href":"https:\/\/baltazar.se\/index.php?rest_route=\/wp\/v2\/pages\/13"}],"wp:attachment":[{"href":"https:\/\/baltazar.se\/index.php?rest_route=%2Fwp%2Fv2%2Fmedia&parent=17"}],"curies":[{"name":"wp","href":"https:\/\/api.w.org\/{rel}","templated":true}]}}