{"id":171,"date":"2015-01-29T15:08:40","date_gmt":"2015-01-29T15:08:40","guid":{"rendered":"https:\/\/baltazar.se\/?page_id=171"},"modified":"2017-01-26T13:42:00","modified_gmt":"2017-01-26T13:42:00","slug":"hyresgaster","status":"publish","type":"page","link":"https:\/\/baltazar.se\/?page_id=171","title":{"rendered":"Hyresg\u00e4ster"},"content":{"rendered":"<p>Baltazar bist\u00e5r hyresg\u00e4ster som vill f\u00f6r\u00e4ndra sin lokalsituation. Om ni \u00f6nskar hyra ut hela eller delar av er f\u00f6rhyrda lokal kallar vi det f\u00f6r avveckling. Vi har idag lika m\u00e5nga avvecklingsuppdrag via hyresg\u00e4ster som uthyrningsuppdrag via fastighets\u00e4gare. Oavsett om det g\u00e4ller att hyra ut i andrahand, eller avveckla hyres\u00e5tagandet dvs finna ny hyresg\u00e4st som tecknar f\u00f6rstahandshyresavtal med fastighets\u00e4garen och\/eller s\u00f6ka ny lokal \u00e5t Er kan vi hj\u00e4lpa er.<\/p>\n<p>&nbsp;<\/p>\n","protected":false},"excerpt":{"rendered":"<p>Baltazar bist\u00e5r hyresg\u00e4ster som vill f\u00f6r\u00e4ndra sin lokalsituation. Om ni \u00f6nskar hyra ut hela eller delar av er f\u00f6rhyrda lokal kallar vi det f\u00f6r avveckling. Vi har idag lika m\u00e5nga avvecklingsuppdrag via hyresg\u00e4ster som uthyrningsuppdrag via fastighets\u00e4gare. Oavsett om det g\u00e4ller att hyra ut i andrahand, eller avveckla hyres\u00e5tagandet dvs finna ny hyresg\u00e4st som tecknar [&hellip;]<\/p>\n","protected":false},"author":1,"featured_media":0,"parent":0,"menu_order":0,"comment_status":"closed","ping_status":"closed","template":"template-gallery.php","meta":{"_exactmetrics_skip_tracking":false,"_exactmetrics_sitenote_active":false,"_exactmetrics_sitenote_note":"","_exactmetrics_sitenote_category":0,"footnotes":""},"class_list":["post-171","page","type-page","status-publish","hentry"],"_links":{"self":[{"href":"https:\/\/baltazar.se\/index.php?rest_route=\/wp\/v2\/pages\/171","targetHints":{"allow":["GET"]}}],"collection":[{"href":"https:\/\/baltazar.se\/index.php?rest_route=\/wp\/v2\/pages"}],"about":[{"href":"https:\/\/baltazar.se\/index.php?rest_route=\/wp\/v2\/types\/page"}],"author":[{"embeddable":true,"href":"https:\/\/baltazar.se\/index.php?rest_route=\/wp\/v2\/users\/1"}],"replies":[{"embeddable":true,"href":"https:\/\/baltazar.se\/index.php?rest_route=%2Fwp%2Fv2%2Fcomments&post=171"}],"version-history":[{"count":6,"href":"https:\/\/baltazar.se\/index.php?rest_route=\/wp\/v2\/pages\/171\/revisions"}],"predecessor-version":[{"id":658,"href":"https:\/\/baltazar.se\/index.php?rest_route=\/wp\/v2\/pages\/171\/revisions\/658"}],"wp:attachment":[{"href":"https:\/\/baltazar.se\/index.php?rest_route=%2Fwp%2Fv2%2Fmedia&parent=171"}],"curies":[{"name":"wp","href":"https:\/\/api.w.org\/{rel}","templated":true}]}}