{"id":178,"date":"2015-01-29T15:12:09","date_gmt":"2015-01-29T15:12:09","guid":{"rendered":"https:\/\/baltazar.se\/?page_id=178"},"modified":"2015-02-05T15:35:34","modified_gmt":"2015-02-05T15:35:34","slug":"strategisk-radgivning","status":"publish","type":"page","link":"https:\/\/baltazar.se\/?page_id=178","title":{"rendered":"Strategisk r\u00e5dgivning"},"content":{"rendered":"<p>Vi bist\u00e5r kunder med kvalificerad r\u00e5dgivning med syfte att optimera den ekonomiska nyttan av ett fastighetsinnehav. Baltazar genomf\u00f6r strategisk analys, framtidsstudier, utvecklingsm\u00f6jligheter, omstrukturering av fastighetsbest\u00e5nd, f\u00f6rstudier inf\u00f6r fastighetstransaktioner och andra aff\u00e4rsutvecklingsfr\u00e5gor.<\/p>\n<p>\u00b7        Struktur och koordinering<\/p>\n<p>\u00b7        Tredje parts assistans<\/p>\n<p>\u00b7        Second opinion<\/p>\n<p>\u00b7        Marknadskunskap<\/p>\n<p>\u00b7        Portf\u00f6ljanalys<\/p>\n","protected":false},"excerpt":{"rendered":"<p>Vi bist\u00e5r kunder med kvalificerad r\u00e5dgivning med syfte att optimera den ekonomiska nyttan av ett fastighetsinnehav. Baltazar genomf\u00f6r strategisk analys, framtidsstudier, utvecklingsm\u00f6jligheter, omstrukturering av fastighetsbest\u00e5nd, f\u00f6rstudier inf\u00f6r fastighetstransaktioner och andra aff\u00e4rsutvecklingsfr\u00e5gor. \u00b7 Struktur och koordinering \u00b7 Tredje parts assistans \u00b7 Second opinion \u00b7 Marknadskunskap \u00b7 Portf\u00f6ljanalys<\/p>\n","protected":false},"author":1,"featured_media":0,"parent":0,"menu_order":0,"comment_status":"closed","ping_status":"closed","template":"template-gallery.php","meta":{"_exactmetrics_skip_tracking":false,"_exactmetrics_sitenote_active":false,"_exactmetrics_sitenote_note":"","_exactmetrics_sitenote_category":0,"footnotes":""},"class_list":["post-178","page","type-page","status-publish","hentry"],"_links":{"self":[{"href":"https:\/\/baltazar.se\/index.php?rest_route=\/wp\/v2\/pages\/178","targetHints":{"allow":["GET"]}}],"collection":[{"href":"https:\/\/baltazar.se\/index.php?rest_route=\/wp\/v2\/pages"}],"about":[{"href":"https:\/\/baltazar.se\/index.php?rest_route=\/wp\/v2\/types\/page"}],"author":[{"embeddable":true,"href":"https:\/\/baltazar.se\/index.php?rest_route=\/wp\/v2\/users\/1"}],"replies":[{"embeddable":true,"href":"https:\/\/baltazar.se\/index.php?rest_route=%2Fwp%2Fv2%2Fcomments&post=178"}],"version-history":[{"count":3,"href":"https:\/\/baltazar.se\/index.php?rest_route=\/wp\/v2\/pages\/178\/revisions"}],"predecessor-version":[{"id":365,"href":"https:\/\/baltazar.se\/index.php?rest_route=\/wp\/v2\/pages\/178\/revisions\/365"}],"wp:attachment":[{"href":"https:\/\/baltazar.se\/index.php?rest_route=%2Fwp%2Fv2%2Fmedia&parent=178"}],"curies":[{"name":"wp","href":"https:\/\/api.w.org\/{rel}","templated":true}]}}