{"id":21,"date":"2015-01-20T09:53:06","date_gmt":"2015-01-20T09:53:06","guid":{"rendered":"https:\/\/baltazar.se\/?page_id=21"},"modified":"2015-02-04T15:59:13","modified_gmt":"2015-02-04T15:59:13","slug":"saljradgivning","status":"publish","type":"page","link":"https:\/\/baltazar.se\/?page_id=21","title":{"rendered":"S\u00e4ljr\u00e5dgivning"},"content":{"rendered":"<p>Vi tar fullt ansvar f\u00f6r att driva hela f\u00f6rs\u00e4ljningsprocessen och genom v\u00e5r samlade kunskap, kreativitet och breda kontaktn\u00e4t hj\u00e4lper vi dig som s\u00e4ljare att g\u00f6ra en korrekt men snabb aff\u00e4r, med fokus p\u00e5 kvalitet och h\u00f6gsta m\u00f6jliga f\u00f6rs\u00e4ljningspris.<\/p>\n<p>\u2022 F\u00f6rs\u00e4ljning av fastigheter och best\u00e5nd<\/p>\n<p>\u2022 Utv\u00e4rdering och analys av objekt och investeringsmarknad<\/p>\n<p>\u2022 Uppr\u00e4ttande av informationsmemorandum<\/p>\n<p>\u2022 Marknadsf\u00f6ring och presentation<\/p>\n<p>\u2022 F\u00f6rhandling och genomf\u00f6rande<\/p>\n","protected":false},"excerpt":{"rendered":"<p>Vi tar fullt ansvar f\u00f6r att driva hela f\u00f6rs\u00e4ljningsprocessen och genom v\u00e5r samlade kunskap, kreativitet och breda kontaktn\u00e4t hj\u00e4lper vi dig som s\u00e4ljare att g\u00f6ra en korrekt men snabb aff\u00e4r, med fokus p\u00e5 kvalitet och h\u00f6gsta m\u00f6jliga f\u00f6rs\u00e4ljningspris. \u2022 F\u00f6rs\u00e4ljning av fastigheter och best\u00e5nd \u2022 Utv\u00e4rdering och analys av objekt och investeringsmarknad \u2022 Uppr\u00e4ttande av [&hellip;]<\/p>\n","protected":false},"author":1,"featured_media":0,"parent":0,"menu_order":0,"comment_status":"closed","ping_status":"closed","template":"template-gallery.php","meta":{"_exactmetrics_skip_tracking":false,"_exactmetrics_sitenote_active":false,"_exactmetrics_sitenote_note":"","_exactmetrics_sitenote_category":0,"footnotes":""},"class_list":["post-21","page","type-page","status-publish","hentry"],"_links":{"self":[{"href":"https:\/\/baltazar.se\/index.php?rest_route=\/wp\/v2\/pages\/21","targetHints":{"allow":["GET"]}}],"collection":[{"href":"https:\/\/baltazar.se\/index.php?rest_route=\/wp\/v2\/pages"}],"about":[{"href":"https:\/\/baltazar.se\/index.php?rest_route=\/wp\/v2\/types\/page"}],"author":[{"embeddable":true,"href":"https:\/\/baltazar.se\/index.php?rest_route=\/wp\/v2\/users\/1"}],"replies":[{"embeddable":true,"href":"https:\/\/baltazar.se\/index.php?rest_route=%2Fwp%2Fv2%2Fcomments&post=21"}],"version-history":[{"count":7,"href":"https:\/\/baltazar.se\/index.php?rest_route=\/wp\/v2\/pages\/21\/revisions"}],"predecessor-version":[{"id":353,"href":"https:\/\/baltazar.se\/index.php?rest_route=\/wp\/v2\/pages\/21\/revisions\/353"}],"wp:attachment":[{"href":"https:\/\/baltazar.se\/index.php?rest_route=%2Fwp%2Fv2%2Fmedia&parent=21"}],"curies":[{"name":"wp","href":"https:\/\/api.w.org\/{rel}","templated":true}]}}