{"id":23,"date":"2015-01-20T09:53:21","date_gmt":"2015-01-20T09:53:21","guid":{"rendered":"https:\/\/baltazar.se\/?page_id=23"},"modified":"2015-02-04T10:45:35","modified_gmt":"2015-02-04T10:45:35","slug":"kopradgivning","status":"publish","type":"page","link":"https:\/\/baltazar.se\/?page_id=23","title":{"rendered":"K\u00f6pr\u00e5dgivning"},"content":{"rendered":"<p>Vi erbjuder investerare och fastighets\u00e4gare tj\u00e4nster inom aktiv k\u00f6pr\u00e5dgivning. Genom v\u00e5rt breda kontaktn\u00e4t hj\u00e4lper vi er att hitta l\u00e4mpliga fastigheter och \u00e4r behj\u00e4lpliga genom hela k\u00f6pprocessen.<\/p>\n<p>\u2022 Identifiering och utv\u00e4rdering av objekt<\/p>\n<p>\u2022 R\u00e5dgivning vid framtagande av bud<\/p>\n<p>\u2022 Koordinera due diligence-process<\/p>\n<p>\u2022 F\u00f6rhandla och slutf\u00f6ra f\u00f6rv\u00e4rv<\/p>\n","protected":false},"excerpt":{"rendered":"<p>Vi erbjuder investerare och fastighets\u00e4gare tj\u00e4nster inom aktiv k\u00f6pr\u00e5dgivning. Genom v\u00e5rt breda kontaktn\u00e4t hj\u00e4lper vi er att hitta l\u00e4mpliga fastigheter och \u00e4r behj\u00e4lpliga genom hela k\u00f6pprocessen. \u2022 Identifiering och utv\u00e4rdering av objekt \u2022 R\u00e5dgivning vid framtagande av bud \u2022 Koordinera due diligence-process \u2022 F\u00f6rhandla och slutf\u00f6ra f\u00f6rv\u00e4rv<\/p>\n","protected":false},"author":1,"featured_media":0,"parent":0,"menu_order":0,"comment_status":"closed","ping_status":"closed","template":"template-gallery.php","meta":{"_exactmetrics_skip_tracking":false,"_exactmetrics_sitenote_active":false,"_exactmetrics_sitenote_note":"","_exactmetrics_sitenote_category":0,"footnotes":""},"class_list":["post-23","page","type-page","status-publish","hentry"],"_links":{"self":[{"href":"https:\/\/baltazar.se\/index.php?rest_route=\/wp\/v2\/pages\/23","targetHints":{"allow":["GET"]}}],"collection":[{"href":"https:\/\/baltazar.se\/index.php?rest_route=\/wp\/v2\/pages"}],"about":[{"href":"https:\/\/baltazar.se\/index.php?rest_route=\/wp\/v2\/types\/page"}],"author":[{"embeddable":true,"href":"https:\/\/baltazar.se\/index.php?rest_route=\/wp\/v2\/users\/1"}],"replies":[{"embeddable":true,"href":"https:\/\/baltazar.se\/index.php?rest_route=%2Fwp%2Fv2%2Fcomments&post=23"}],"version-history":[{"count":6,"href":"https:\/\/baltazar.se\/index.php?rest_route=\/wp\/v2\/pages\/23\/revisions"}],"predecessor-version":[{"id":330,"href":"https:\/\/baltazar.se\/index.php?rest_route=\/wp\/v2\/pages\/23\/revisions\/330"}],"wp:attachment":[{"href":"https:\/\/baltazar.se\/index.php?rest_route=%2Fwp%2Fv2%2Fmedia&parent=23"}],"curies":[{"name":"wp","href":"https:\/\/api.w.org\/{rel}","templated":true}]}}